{"id":70271,"date":"2018-06-16T19:51:27","date_gmt":"2018-06-16T16:51:27","guid":{"rendered":"https:\/\/zeltene.eu\/?page_id=58187"},"modified":"2018-06-16T19:51:27","modified_gmt":"2018-06-16T16:51:27","slug":"lietosanas-noteikumi","status":"publish","type":"page","link":"https:\/\/www.baltic-course.com\/lv\/lietosanas-noteikumi","title":{"rendered":"Lieto\u0161ana"},"content":{"rendered":"<p><span style=\"font-size: 14pt;\"><strong>Visp\u0101r\u012bgi<\/strong><\/span><\/p>\n<ul>\n<li><span style=\"font-size: 14pt;\">Port\u0101la lieto\u0161anas noteikumi ir paredz\u0113ti un saisto\u0161i katram port\u0101la lietot\u0101jam.<\/span><\/li>\n<li><span style=\"font-size: 14pt;\">Port\u0101la lieto\u0161ana tiek uzskat\u012bta par katra lietot\u0101ja piekri\u0161anu \u0161iem noteikumiem.<\/span><\/li>\n<li><span style=\"font-size: 14pt;\">Katrs port\u0101la lietot\u0101js ir atbild\u012bgs par jebkuru inform\u0101ciju, kuru tas izvieto port\u0101l\u0101 vai nos\u016bta citiem port\u0101la lietot\u0101jiem, k\u0101 ar\u012b uz\u0146emas pilnu atbild\u012bbu par sek\u0101m (tai skait\u0101 tiesiskaj\u0101m), kuras rodas\u00a0 inform\u0101cijas izvieto\u0161anas vai nos\u016bt\u012b\u0161anas rezult\u0101t\u0101.<\/span><\/li>\n<\/ul>\n<p>&nbsp;<\/p>\n<p><span style=\"font-size: 14pt;\"><strong>Autorties\u012bbas<\/strong><\/span><\/p><div class=\"2e6ae01b4f90ae739e66a2cc7f5e8528\" data-index=\"1\" style=\"float: none; margin:10px 0 10px 0; text-align:center;\">\n <script async src=\"https:\/\/pagead2.googlesyndication.com\/pagead\/js\/adsbygoogle.js?client=ca-pub-8775106392232080\"\r\n     crossorigin=\"anonymous\"><\/script>\r\n<!-- Baltic course LV aug\u0161a -->\r\n<ins class=\"adsbygoogle\"\r\n     style=\"display:block\"\r\n     data-ad-client=\"ca-pub-8775106392232080\"\r\n     data-ad-slot=\"4540934099\"\r\n     data-ad-format=\"auto\"\r\n     data-full-width-responsive=\"true\"><\/ins>\r\n<script>\r\n     (adsbygoogle = window.adsbygoogle || []).push({});\r\n<\/script>\n<\/div>\n\n<ul>\n<li><span style=\"font-size: 14pt;\">Port\u0101la lietot\u0101js, bez redakcijas rakstiskas at\u013caujas, nedr\u012bkst p\u0101rveidot, kop\u0113t, reproduc\u0113t, p\u0101rpublic\u0113t, p\u0101rs\u016bt\u012bt, izplat\u012bt jebk\u0101da veida inform\u0101ciju, kas attiecas uz port\u0101la saturu, ieskaitot programmu un kodu.<\/span><\/li>\n<li><span style=\"font-size: 14pt;\">Port\u0101la lietot\u0101js dr\u012bkst izmantot inform\u0101ciju, bez redakcijas at\u013caujas, nekomerci\u0101liem nol\u016bkiem, saska\u0146\u0101 ar LR likumu par autorties\u012bb\u0101m, nor\u0101dot attiec\u012bg\u0101s atsauces un ievietojot port\u0101la logo.<\/span><\/li>\n<li><span style=\"font-size: 14pt;\">Port\u0101ls cen\u0161as nodro\u0161in\u0101t, lai public\u0113t\u0101 inform\u0101cija ir ticama un objekt\u012bva, ta\u010du port\u0101ls nevar uz\u0146emties atbild\u012bbu par jebk\u0101d\u0101m sek\u0101m, tai skait\u0101 par inform\u0101cijas avotu sniegto inform\u0101cijas patiesumu un viedok\u013ciem, k\u0101 ar\u012b tre\u0161o personu aizskartaj\u0101m autorties\u012bb\u0101m.<\/span><\/li>\n<li><span style=\"font-size: 14pt;\">Ies\u016btot jebk\u0101da veida materi\u0101lus port\u0101lam, tai skait\u0101, intelektu\u0101l\u0101 \u012bpa\u0161uma objektus, uz min\u0113tai inform\u0101cijai nav piem\u0113rojami Autorties\u012bbu likuma ierobe\u017eojumi. Ies\u016btot jebk\u0101da veida inform\u0101ciju, j\u016bs nododiet visas autorties\u012bbas \u0161\u012bs inform\u0101cijas lieto\u0161an\u0101 port\u0101lam. Port\u0101la redakcijai ir ties\u012bbas ies\u016bt\u012bto inform\u0101ciju izmantot p\u0113c saviem ieskatiem. Port\u0101ls patur ties\u012bbas nepublic\u0113t vai, ja p\u0101rk\u0101pti lietot\u0101ju noteikumi, nepiecie\u0161am\u012bbas gad\u012bjum\u0101 dz\u0113st ievietotos materi\u0101lus bez iepriek\u0161\u0113ja br\u012bdin\u0101juma.<\/span><\/li>\n<li><span style=\"font-size: 14pt;\">Ja netiek iev\u0113roti augst\u0101k min\u0113tie, port\u0101la lietot\u0101ju pien\u0101kumi, tiek uzskat\u012bts, ka ir p\u0101rk\u0101ptas autora ties\u012bbas un atkar\u012bb\u0101 no p\u0101rk\u0101puma rakstura vai sek\u0101m p\u0101rk\u0101p\u0113js saucams pie likum\u0101 noteikt\u0101s administrat\u012bv\u0101s vai krimin\u0101l\u0101s atbild\u012bbas.<\/span><\/li>\n<\/ul>\n<p>&nbsp;<\/p>\n<p><span style=\"font-size: 14pt;\"><strong>Uzved\u012bbas normas<\/strong><\/span><\/p>\n<ul>\n<li><span style=\"font-size: 14pt;\">Stingri aizliegts izmantot necenz\u0113tos v\u0101rdus, lamuv\u0101rdus, aizskaro\u0161us izteicienus neatkar\u012bgi no t\u0101, k\u0101d\u0101 veid\u0101 un kam tie tika adres\u0113ti. Tai skait\u0101 ar\u012b burtu aizvieto\u0161ana ar simboliem.<\/span><\/li>\n<li><span style=\"font-size: 14pt;\">Kategoriski aizliegta jebk\u0101da rekl\u0101ma, tai skait\u0101 ar\u012b interneta resursu rekl\u0101ma (iz\u0146emot gad\u012bjumus, kad tas ir iepriek\u0161 saska\u0146ots ar administr\u0101ciju)<\/span><\/li>\n<\/ul>\n<p>&nbsp;<\/p>\n\n<div style=\"font-size: 0px; height: 0px; line-height: 0px; margin: 0; padding: 0; clear: both;\"><\/div>","protected":false},"excerpt":{"rendered":"<p>Visp\u0101r\u012bgi Port\u0101la lieto\u0161anas noteikumi ir paredz\u0113ti un saisto\u0161i katram port\u0101la lietot\u0101jam. Port\u0101la lieto\u0161ana tiek uzskat\u012bta par katra lietot\u0101ja piekri\u0161anu \u0161iem noteikumiem. Katrs port\u0101la lietot\u0101js ir atbild\u012bgs par jebkuru inform\u0101ciju, kuru tas izvieto port\u0101l\u0101 vai nos\u016bta citiem port\u0101la lietot\u0101jiem, k\u0101 ar\u012b uz\u0146emas pilnu atbild\u012bbu par sek\u0101m (tai skait\u0101 tiesiskaj\u0101m), kuras rodas\u00a0 inform\u0101cijas izvieto\u0161anas vai nos\u016bt\u012b\u0161anas rezult\u0101t\u0101. &nbsp; Autorties\u012bbas Port\u0101la lietot\u0101js, bez redakcijas rakstiskas at\u013caujas, nedr\u012bkst p\u0101rveidot, kop\u0113t, reproduc\u0113t, p\u0101rpublic\u0113t, p\u0101rs\u016bt\u012bt, izplat\u012bt jebk\u0101da veida inform\u0101ciju, kas attiecas&#8230;<\/p>\n","protected":false},"author":52,"featured_media":0,"parent":0,"menu_order":0,"comment_status":"closed","ping_status":"closed","template":"","meta":{"_monsterinsights_skip_tracking":false,"_monsterinsights_sitenote_active":false,"_monsterinsights_sitenote_note":"","_monsterinsights_sitenote_category":0,"_uf_show_specific_survey":0,"_uf_disable_surveys":false,"footnotes":"","_links_to":"","_links_to_target":""},"class_list":["post-70271","page","type-page","status-publish","hentry"],"yoast_head":"<!-- This site is optimized with the Yoast SEO plugin v27.3 - https:\/\/yoast.com\/product\/yoast-seo-wordpress\/ -->\n<title>Lieto\u0161ana - Baltic Course<\/title>\n<meta name=\"robots\" content=\"index, follow, max-snippet:-1, max-image-preview:large, max-video-preview:-1\" \/>\n<link rel=\"canonical\" href=\"https:\/\/www.baltic-course.com\/lv\/lietosanas-noteikumi\" \/>\n<meta property=\"og:locale\" content=\"en_GB\" \/>\n<meta property=\"og:type\" content=\"article\" \/>\n<meta property=\"og:title\" content=\"Lieto\u0161ana - Baltic Course\" \/>\n<meta property=\"og:description\" content=\"Visp\u0101r\u012bgi Port\u0101la lieto\u0161anas noteikumi ir paredz\u0113ti un saisto\u0161i katram port\u0101la lietot\u0101jam. Port\u0101la lieto\u0161ana tiek uzskat\u012bta par katra lietot\u0101ja piekri\u0161anu \u0161iem noteikumiem. Katrs port\u0101la lietot\u0101js ir atbild\u012bgs par jebkuru inform\u0101ciju, kuru tas izvieto port\u0101l\u0101 vai nos\u016bta citiem port\u0101la lietot\u0101jiem, k\u0101 ar\u012b uz\u0146emas pilnu atbild\u012bbu par sek\u0101m (tai skait\u0101 tiesiskaj\u0101m), kuras rodas\u00a0 inform\u0101cijas izvieto\u0161anas vai nos\u016bt\u012b\u0161anas rezult\u0101t\u0101. &nbsp; Autorties\u012bbas Port\u0101la lietot\u0101js, bez redakcijas rakstiskas at\u013caujas, nedr\u012bkst p\u0101rveidot, kop\u0113t, reproduc\u0113t, p\u0101rpublic\u0113t, p\u0101rs\u016bt\u012bt, izplat\u012bt jebk\u0101da veida inform\u0101ciju, kas attiecas...\" \/>\n<meta property=\"og:url\" content=\"https:\/\/www.baltic-course.com\/lv\/lietosanas-noteikumi\" \/>\n<meta property=\"og:site_name\" content=\"Baltic Course\" \/>\n<meta name=\"twitter:card\" content=\"summary_large_image\" \/>\n<meta name=\"twitter:label1\" content=\"Estimated reading time\" \/>\n\t<meta name=\"twitter:data1\" content=\"2 minutes\" \/>\n<script type=\"application\/ld+json\" class=\"yoast-schema-graph\">{\"@context\":\"https:\\\/\\\/schema.org\",\"@graph\":[{\"@type\":\"WebPage\",\"@id\":\"https:\\\/\\\/www.baltic-course.com\\\/lv\\\/lietosanas-noteikumi\",\"url\":\"https:\\\/\\\/www.baltic-course.com\\\/lv\\\/lietosanas-noteikumi\",\"name\":\"Lieto\u0161ana - Baltic Course\",\"isPartOf\":{\"@id\":\"https:\\\/\\\/baltic-course.com\\\/lv\\\/#website\"},\"datePublished\":\"2018-06-16T16:51:27+00:00\",\"breadcrumb\":{\"@id\":\"https:\\\/\\\/www.baltic-course.com\\\/lv\\\/lietosanas-noteikumi#breadcrumb\"},\"inLanguage\":\"en-GB\",\"potentialAction\":[{\"@type\":\"ReadAction\",\"target\":[\"https:\\\/\\\/www.baltic-course.com\\\/lv\\\/lietosanas-noteikumi\"]}]},{\"@type\":\"BreadcrumbList\",\"@id\":\"https:\\\/\\\/www.baltic-course.com\\\/lv\\\/lietosanas-noteikumi#breadcrumb\",\"itemListElement\":[{\"@type\":\"ListItem\",\"position\":1,\"name\":\"Home\",\"item\":\"https:\\\/\\\/baltic-course.com\\\/lv\\\/\"},{\"@type\":\"ListItem\",\"position\":2,\"name\":\"Lieto\u0161ana\"}]},{\"@type\":\"WebSite\",\"@id\":\"https:\\\/\\\/baltic-course.com\\\/lv\\\/#website\",\"url\":\"https:\\\/\\\/baltic-course.com\\\/lv\\\/\",\"name\":\"Baltic Course\",\"description\":\"Notikumi, izklaide un padomi\",\"publisher\":{\"@id\":\"https:\\\/\\\/baltic-course.com\\\/lv\\\/#organization\"},\"potentialAction\":[{\"@type\":\"SearchAction\",\"target\":{\"@type\":\"EntryPoint\",\"urlTemplate\":\"https:\\\/\\\/baltic-course.com\\\/lv\\\/?s={search_term_string}\"},\"query-input\":{\"@type\":\"PropertyValueSpecification\",\"valueRequired\":true,\"valueName\":\"search_term_string\"}}],\"inLanguage\":\"en-GB\"},{\"@type\":\"Organization\",\"@id\":\"https:\\\/\\\/baltic-course.com\\\/lv\\\/#organization\",\"name\":\"Baltic Course\",\"url\":\"https:\\\/\\\/baltic-course.com\\\/lv\\\/\",\"logo\":{\"@type\":\"ImageObject\",\"inLanguage\":\"en-GB\",\"@id\":\"https:\\\/\\\/baltic-course.com\\\/lv\\\/#\\\/schema\\\/logo\\\/image\\\/\",\"url\":\"https:\\\/\\\/www.baltic-course.com\\\/lv\\\/wp-content\\\/uploads\\\/2023\\\/11\\\/cropped-baltic-course-3.jpg\",\"contentUrl\":\"https:\\\/\\\/www.baltic-course.com\\\/lv\\\/wp-content\\\/uploads\\\/2023\\\/11\\\/cropped-baltic-course-3.jpg\",\"width\":810,\"height\":151,\"caption\":\"Baltic Course\"},\"image\":{\"@id\":\"https:\\\/\\\/baltic-course.com\\\/lv\\\/#\\\/schema\\\/logo\\\/image\\\/\"}}]}<\/script>\n<!-- \/ Yoast SEO plugin. -->","yoast_head_json":{"title":"Lieto\u0161ana - Baltic Course","robots":{"index":"index","follow":"follow","max-snippet":"max-snippet:-1","max-image-preview":"max-image-preview:large","max-video-preview":"max-video-preview:-1"},"canonical":"https:\/\/www.baltic-course.com\/lv\/lietosanas-noteikumi","og_locale":"en_GB","og_type":"article","og_title":"Lieto\u0161ana - Baltic Course","og_description":"Visp\u0101r\u012bgi Port\u0101la lieto\u0161anas noteikumi ir paredz\u0113ti un saisto\u0161i katram port\u0101la lietot\u0101jam. Port\u0101la lieto\u0161ana tiek uzskat\u012bta par katra lietot\u0101ja piekri\u0161anu \u0161iem noteikumiem. Katrs port\u0101la lietot\u0101js ir atbild\u012bgs par jebkuru inform\u0101ciju, kuru tas izvieto port\u0101l\u0101 vai nos\u016bta citiem port\u0101la lietot\u0101jiem, k\u0101 ar\u012b uz\u0146emas pilnu atbild\u012bbu par sek\u0101m (tai skait\u0101 tiesiskaj\u0101m), kuras rodas\u00a0 inform\u0101cijas izvieto\u0161anas vai nos\u016bt\u012b\u0161anas rezult\u0101t\u0101. &nbsp; Autorties\u012bbas Port\u0101la lietot\u0101js, bez redakcijas rakstiskas at\u013caujas, nedr\u012bkst p\u0101rveidot, kop\u0113t, reproduc\u0113t, p\u0101rpublic\u0113t, p\u0101rs\u016bt\u012bt, izplat\u012bt jebk\u0101da veida inform\u0101ciju, kas attiecas...","og_url":"https:\/\/www.baltic-course.com\/lv\/lietosanas-noteikumi","og_site_name":"Baltic Course","twitter_card":"summary_large_image","twitter_misc":{"Estimated reading time":"2 minutes"},"schema":{"@context":"https:\/\/schema.org","@graph":[{"@type":"WebPage","@id":"https:\/\/www.baltic-course.com\/lv\/lietosanas-noteikumi","url":"https:\/\/www.baltic-course.com\/lv\/lietosanas-noteikumi","name":"Lieto\u0161ana - Baltic Course","isPartOf":{"@id":"https:\/\/baltic-course.com\/lv\/#website"},"datePublished":"2018-06-16T16:51:27+00:00","breadcrumb":{"@id":"https:\/\/www.baltic-course.com\/lv\/lietosanas-noteikumi#breadcrumb"},"inLanguage":"en-GB","potentialAction":[{"@type":"ReadAction","target":["https:\/\/www.baltic-course.com\/lv\/lietosanas-noteikumi"]}]},{"@type":"BreadcrumbList","@id":"https:\/\/www.baltic-course.com\/lv\/lietosanas-noteikumi#breadcrumb","itemListElement":[{"@type":"ListItem","position":1,"name":"Home","item":"https:\/\/baltic-course.com\/lv\/"},{"@type":"ListItem","position":2,"name":"Lieto\u0161ana"}]},{"@type":"WebSite","@id":"https:\/\/baltic-course.com\/lv\/#website","url":"https:\/\/baltic-course.com\/lv\/","name":"Baltic Course","description":"Notikumi, izklaide un padomi","publisher":{"@id":"https:\/\/baltic-course.com\/lv\/#organization"},"potentialAction":[{"@type":"SearchAction","target":{"@type":"EntryPoint","urlTemplate":"https:\/\/baltic-course.com\/lv\/?s={search_term_string}"},"query-input":{"@type":"PropertyValueSpecification","valueRequired":true,"valueName":"search_term_string"}}],"inLanguage":"en-GB"},{"@type":"Organization","@id":"https:\/\/baltic-course.com\/lv\/#organization","name":"Baltic Course","url":"https:\/\/baltic-course.com\/lv\/","logo":{"@type":"ImageObject","inLanguage":"en-GB","@id":"https:\/\/baltic-course.com\/lv\/#\/schema\/logo\/image\/","url":"https:\/\/www.baltic-course.com\/lv\/wp-content\/uploads\/2023\/11\/cropped-baltic-course-3.jpg","contentUrl":"https:\/\/www.baltic-course.com\/lv\/wp-content\/uploads\/2023\/11\/cropped-baltic-course-3.jpg","width":810,"height":151,"caption":"Baltic Course"},"image":{"@id":"https:\/\/baltic-course.com\/lv\/#\/schema\/logo\/image\/"}}]}},"_links":{"self":[{"href":"https:\/\/www.baltic-course.com\/lv\/wp-json\/wp\/v2\/pages\/70271","targetHints":{"allow":["GET"]}}],"collection":[{"href":"https:\/\/www.baltic-course.com\/lv\/wp-json\/wp\/v2\/pages"}],"about":[{"href":"https:\/\/www.baltic-course.com\/lv\/wp-json\/wp\/v2\/types\/page"}],"author":[{"embeddable":true,"href":"https:\/\/www.baltic-course.com\/lv\/wp-json\/wp\/v2\/users\/52"}],"replies":[{"embeddable":true,"href":"https:\/\/www.baltic-course.com\/lv\/wp-json\/wp\/v2\/comments?post=70271"}],"version-history":[{"count":0,"href":"https:\/\/www.baltic-course.com\/lv\/wp-json\/wp\/v2\/pages\/70271\/revisions"}],"wp:attachment":[{"href":"https:\/\/www.baltic-course.com\/lv\/wp-json\/wp\/v2\/media?parent=70271"}],"curies":[{"name":"wp","href":"https:\/\/api.w.org\/{rel}","templated":true}]}}