{"id":70270,"date":"2018-06-16T19:35:09","date_gmt":"2018-06-16T16:35:09","guid":{"rendered":"https:\/\/zeltene.eu\/?page_id=58183"},"modified":"2025-06-12T16:22:49","modified_gmt":"2025-06-12T13:22:49","slug":"komentesanas-noteikumi","status":"publish","type":"page","link":"https:\/\/www.baltic-course.com\/lv\/komentesanas-noteikumi","title":{"rendered":"Par mums un kontakti"},"content":{"rendered":"<header class=\"entry-header\">\n<p class=\"entry-title\"><span style=\"font-size: 16px;\">Port\u0101ls Baltic Course ir\u00a0 inform\u0101t\u012bvs port\u0101ls 3 valod\u0101s. Ang\u013cu un Krievu valod\u0101 port\u0101ls inform\u0113jis par Baltijas notikumiem jau 25 gadus, bet latvie\u0161u valodas versij\u0101 &#8211; 1 gadu!<\/span><\/p>\n<\/header>\n<div class=\"entry-content\">\n<p>Port\u0101la p\u0101rliec\u012bba ir taj\u0101, ka nav mazsvar\u012bgu lietu- las\u012bt\u0101js ir ne vien j\u0101inform\u0113, j\u0101br\u012bdina un j\u0101izgl\u012bto, bet ar\u012b j\u0101dod br\u012bdis atelpai no dienas saspringtajiem darbiem. M\u0113s str\u0101d\u0101jam, lai J\u016bs zin\u0101tu svar\u012bgo, aktu\u0101lo un interesanto!<\/p><div class=\"2e6ae01b4f90ae739e66a2cc7f5e8528\" data-index=\"1\" style=\"float: none; margin:10px 0 10px 0; text-align:center;\">\n <script async src=\"https:\/\/pagead2.googlesyndication.com\/pagead\/js\/adsbygoogle.js?client=ca-pub-8775106392232080\"\r\n     crossorigin=\"anonymous\"><\/script>\r\n<!-- Baltic course LV aug\u0161a -->\r\n<ins class=\"adsbygoogle\"\r\n     style=\"display:block\"\r\n     data-ad-client=\"ca-pub-8775106392232080\"\r\n     data-ad-slot=\"4540934099\"\r\n     data-ad-format=\"auto\"\r\n     data-full-width-responsive=\"true\"><\/ins>\r\n<script>\r\n     (adsbygoogle = window.adsbygoogle || []).push({});\r\n<\/script>\n<\/div>\n\n<p><b>\u00a0<\/b><\/p>\n<\/div>\n\n<div style=\"font-size: 0px; height: 0px; line-height: 0px; margin: 0; padding: 0; clear: both;\"><\/div>","protected":false},"excerpt":{"rendered":"<p>Port\u0101ls Baltic Course ir\u00a0 inform\u0101t\u012bvs port\u0101ls 3 valod\u0101s. Ang\u013cu un Krievu valod\u0101 port\u0101ls inform\u0113jis par Baltijas notikumiem jau 25 gadus, bet latvie\u0161u valodas versij\u0101 &#8211; 1 gadu! Port\u0101la p\u0101rliec\u012bba ir taj\u0101, ka nav mazsvar\u012bgu lietu- las\u012bt\u0101js ir ne vien j\u0101inform\u0113, j\u0101br\u012bdina un j\u0101izgl\u012bto, bet ar\u012b j\u0101dod br\u012bdis atelpai no dienas saspringtajiem darbiem. M\u0113s str\u0101d\u0101jam, lai J\u016bs zin\u0101tu svar\u012bgo, aktu\u0101lo un interesanto! \u00a0<\/p>\n","protected":false},"author":52,"featured_media":0,"parent":0,"menu_order":0,"comment_status":"closed","ping_status":"closed","template":"","meta":{"_monsterinsights_skip_tracking":false,"_monsterinsights_sitenote_active":false,"_monsterinsights_sitenote_note":"","_monsterinsights_sitenote_category":0,"_uf_show_specific_survey":0,"_uf_disable_surveys":false,"footnotes":"","_links_to":"","_links_to_target":""},"class_list":["post-70270","page","type-page","status-publish","hentry"],"yoast_head":"<!-- This site is optimized with the Yoast SEO plugin v27.3 - https:\/\/yoast.com\/product\/yoast-seo-wordpress\/ -->\n<title>Par mums un kontakti - Baltic Course<\/title>\n<meta name=\"robots\" content=\"index, follow, max-snippet:-1, max-image-preview:large, max-video-preview:-1\" \/>\n<link rel=\"canonical\" href=\"https:\/\/www.baltic-course.com\/lv\/komentesanas-noteikumi\" \/>\n<meta property=\"og:locale\" content=\"en_GB\" \/>\n<meta property=\"og:type\" content=\"article\" \/>\n<meta property=\"og:title\" content=\"Par mums un kontakti - Baltic Course\" \/>\n<meta property=\"og:description\" content=\"Port\u0101ls Baltic Course ir\u00a0 inform\u0101t\u012bvs port\u0101ls 3 valod\u0101s. Ang\u013cu un Krievu valod\u0101 port\u0101ls inform\u0113jis par Baltijas notikumiem jau 25 gadus, bet latvie\u0161u valodas versij\u0101 &#8211; 1 gadu! Port\u0101la p\u0101rliec\u012bba ir taj\u0101, ka nav mazsvar\u012bgu lietu- las\u012bt\u0101js ir ne vien j\u0101inform\u0113, j\u0101br\u012bdina un j\u0101izgl\u012bto, bet ar\u012b j\u0101dod br\u012bdis atelpai no dienas saspringtajiem darbiem. M\u0113s str\u0101d\u0101jam, lai J\u016bs zin\u0101tu svar\u012bgo, aktu\u0101lo un interesanto! \u00a0\" \/>\n<meta property=\"og:url\" content=\"https:\/\/www.baltic-course.com\/lv\/komentesanas-noteikumi\" \/>\n<meta property=\"og:site_name\" content=\"Baltic Course\" \/>\n<meta property=\"article:modified_time\" content=\"2025-06-12T13:22:49+00:00\" \/>\n<meta name=\"twitter:card\" content=\"summary_large_image\" \/>\n<meta name=\"twitter:label1\" content=\"Estimated reading time\" \/>\n\t<meta name=\"twitter:data1\" content=\"1 minute\" \/>\n<script type=\"application\/ld+json\" class=\"yoast-schema-graph\">{\"@context\":\"https:\\\/\\\/schema.org\",\"@graph\":[{\"@type\":\"WebPage\",\"@id\":\"https:\\\/\\\/www.baltic-course.com\\\/lv\\\/komentesanas-noteikumi\",\"url\":\"https:\\\/\\\/www.baltic-course.com\\\/lv\\\/komentesanas-noteikumi\",\"name\":\"Par mums un kontakti - Baltic Course\",\"isPartOf\":{\"@id\":\"https:\\\/\\\/baltic-course.com\\\/lv\\\/#website\"},\"datePublished\":\"2018-06-16T16:35:09+00:00\",\"dateModified\":\"2025-06-12T13:22:49+00:00\",\"breadcrumb\":{\"@id\":\"https:\\\/\\\/www.baltic-course.com\\\/lv\\\/komentesanas-noteikumi#breadcrumb\"},\"inLanguage\":\"en-GB\",\"potentialAction\":[{\"@type\":\"ReadAction\",\"target\":[\"https:\\\/\\\/www.baltic-course.com\\\/lv\\\/komentesanas-noteikumi\"]}]},{\"@type\":\"BreadcrumbList\",\"@id\":\"https:\\\/\\\/www.baltic-course.com\\\/lv\\\/komentesanas-noteikumi#breadcrumb\",\"itemListElement\":[{\"@type\":\"ListItem\",\"position\":1,\"name\":\"Home\",\"item\":\"https:\\\/\\\/baltic-course.com\\\/lv\\\/\"},{\"@type\":\"ListItem\",\"position\":2,\"name\":\"Par mums un kontakti\"}]},{\"@type\":\"WebSite\",\"@id\":\"https:\\\/\\\/baltic-course.com\\\/lv\\\/#website\",\"url\":\"https:\\\/\\\/baltic-course.com\\\/lv\\\/\",\"name\":\"Baltic Course\",\"description\":\"Notikumi, izklaide un padomi\",\"publisher\":{\"@id\":\"https:\\\/\\\/baltic-course.com\\\/lv\\\/#organization\"},\"potentialAction\":[{\"@type\":\"SearchAction\",\"target\":{\"@type\":\"EntryPoint\",\"urlTemplate\":\"https:\\\/\\\/baltic-course.com\\\/lv\\\/?s={search_term_string}\"},\"query-input\":{\"@type\":\"PropertyValueSpecification\",\"valueRequired\":true,\"valueName\":\"search_term_string\"}}],\"inLanguage\":\"en-GB\"},{\"@type\":\"Organization\",\"@id\":\"https:\\\/\\\/baltic-course.com\\\/lv\\\/#organization\",\"name\":\"Baltic Course\",\"url\":\"https:\\\/\\\/baltic-course.com\\\/lv\\\/\",\"logo\":{\"@type\":\"ImageObject\",\"inLanguage\":\"en-GB\",\"@id\":\"https:\\\/\\\/baltic-course.com\\\/lv\\\/#\\\/schema\\\/logo\\\/image\\\/\",\"url\":\"https:\\\/\\\/www.baltic-course.com\\\/lv\\\/wp-content\\\/uploads\\\/2023\\\/11\\\/cropped-baltic-course-3.jpg\",\"contentUrl\":\"https:\\\/\\\/www.baltic-course.com\\\/lv\\\/wp-content\\\/uploads\\\/2023\\\/11\\\/cropped-baltic-course-3.jpg\",\"width\":810,\"height\":151,\"caption\":\"Baltic Course\"},\"image\":{\"@id\":\"https:\\\/\\\/baltic-course.com\\\/lv\\\/#\\\/schema\\\/logo\\\/image\\\/\"}}]}<\/script>\n<!-- \/ Yoast SEO plugin. -->","yoast_head_json":{"title":"Par mums un kontakti - Baltic Course","robots":{"index":"index","follow":"follow","max-snippet":"max-snippet:-1","max-image-preview":"max-image-preview:large","max-video-preview":"max-video-preview:-1"},"canonical":"https:\/\/www.baltic-course.com\/lv\/komentesanas-noteikumi","og_locale":"en_GB","og_type":"article","og_title":"Par mums un kontakti - Baltic Course","og_description":"Port\u0101ls Baltic Course ir\u00a0 inform\u0101t\u012bvs port\u0101ls 3 valod\u0101s. Ang\u013cu un Krievu valod\u0101 port\u0101ls inform\u0113jis par Baltijas notikumiem jau 25 gadus, bet latvie\u0161u valodas versij\u0101 &#8211; 1 gadu! Port\u0101la p\u0101rliec\u012bba ir taj\u0101, ka nav mazsvar\u012bgu lietu- las\u012bt\u0101js ir ne vien j\u0101inform\u0113, j\u0101br\u012bdina un j\u0101izgl\u012bto, bet ar\u012b j\u0101dod br\u012bdis atelpai no dienas saspringtajiem darbiem. M\u0113s str\u0101d\u0101jam, lai J\u016bs zin\u0101tu svar\u012bgo, aktu\u0101lo un interesanto! \u00a0","og_url":"https:\/\/www.baltic-course.com\/lv\/komentesanas-noteikumi","og_site_name":"Baltic Course","article_modified_time":"2025-06-12T13:22:49+00:00","twitter_card":"summary_large_image","twitter_misc":{"Estimated reading time":"1 minute"},"schema":{"@context":"https:\/\/schema.org","@graph":[{"@type":"WebPage","@id":"https:\/\/www.baltic-course.com\/lv\/komentesanas-noteikumi","url":"https:\/\/www.baltic-course.com\/lv\/komentesanas-noteikumi","name":"Par mums un kontakti - Baltic Course","isPartOf":{"@id":"https:\/\/baltic-course.com\/lv\/#website"},"datePublished":"2018-06-16T16:35:09+00:00","dateModified":"2025-06-12T13:22:49+00:00","breadcrumb":{"@id":"https:\/\/www.baltic-course.com\/lv\/komentesanas-noteikumi#breadcrumb"},"inLanguage":"en-GB","potentialAction":[{"@type":"ReadAction","target":["https:\/\/www.baltic-course.com\/lv\/komentesanas-noteikumi"]}]},{"@type":"BreadcrumbList","@id":"https:\/\/www.baltic-course.com\/lv\/komentesanas-noteikumi#breadcrumb","itemListElement":[{"@type":"ListItem","position":1,"name":"Home","item":"https:\/\/baltic-course.com\/lv\/"},{"@type":"ListItem","position":2,"name":"Par mums un kontakti"}]},{"@type":"WebSite","@id":"https:\/\/baltic-course.com\/lv\/#website","url":"https:\/\/baltic-course.com\/lv\/","name":"Baltic Course","description":"Notikumi, izklaide un padomi","publisher":{"@id":"https:\/\/baltic-course.com\/lv\/#organization"},"potentialAction":[{"@type":"SearchAction","target":{"@type":"EntryPoint","urlTemplate":"https:\/\/baltic-course.com\/lv\/?s={search_term_string}"},"query-input":{"@type":"PropertyValueSpecification","valueRequired":true,"valueName":"search_term_string"}}],"inLanguage":"en-GB"},{"@type":"Organization","@id":"https:\/\/baltic-course.com\/lv\/#organization","name":"Baltic Course","url":"https:\/\/baltic-course.com\/lv\/","logo":{"@type":"ImageObject","inLanguage":"en-GB","@id":"https:\/\/baltic-course.com\/lv\/#\/schema\/logo\/image\/","url":"https:\/\/www.baltic-course.com\/lv\/wp-content\/uploads\/2023\/11\/cropped-baltic-course-3.jpg","contentUrl":"https:\/\/www.baltic-course.com\/lv\/wp-content\/uploads\/2023\/11\/cropped-baltic-course-3.jpg","width":810,"height":151,"caption":"Baltic Course"},"image":{"@id":"https:\/\/baltic-course.com\/lv\/#\/schema\/logo\/image\/"}}]}},"_links":{"self":[{"href":"https:\/\/www.baltic-course.com\/lv\/wp-json\/wp\/v2\/pages\/70270","targetHints":{"allow":["GET"]}}],"collection":[{"href":"https:\/\/www.baltic-course.com\/lv\/wp-json\/wp\/v2\/pages"}],"about":[{"href":"https:\/\/www.baltic-course.com\/lv\/wp-json\/wp\/v2\/types\/page"}],"author":[{"embeddable":true,"href":"https:\/\/www.baltic-course.com\/lv\/wp-json\/wp\/v2\/users\/52"}],"replies":[{"embeddable":true,"href":"https:\/\/www.baltic-course.com\/lv\/wp-json\/wp\/v2\/comments?post=70270"}],"version-history":[{"count":4,"href":"https:\/\/www.baltic-course.com\/lv\/wp-json\/wp\/v2\/pages\/70270\/revisions"}],"predecessor-version":[{"id":98489,"href":"https:\/\/www.baltic-course.com\/lv\/wp-json\/wp\/v2\/pages\/70270\/revisions\/98489"}],"wp:attachment":[{"href":"https:\/\/www.baltic-course.com\/lv\/wp-json\/wp\/v2\/media?parent=70270"}],"curies":[{"name":"wp","href":"https:\/\/api.w.org\/{rel}","templated":true}]}}