{"id":70269,"date":"2018-06-16T19:31:25","date_gmt":"2018-06-16T16:31:25","guid":{"rendered":"https:\/\/zeltene.eu\/?page_id=58177"},"modified":"2018-06-16T19:31:25","modified_gmt":"2018-06-16T16:31:25","slug":"privatuma-noteikumi","status":"publish","type":"page","link":"https:\/\/www.baltic-course.com\/lv\/privatuma-noteikumi","title":{"rendered":"Priv\u0101tums"},"content":{"rendered":"<p><span style=\"font-size: 14pt;\">\u0160aj\u0101 priv\u0101tuma noteikumos ir aprakst\u012bta k\u0101rt\u012bba, k\u0101d\u0101 port\u0101ls apstr\u0101d\u0101 personas datus, un k\u0101d\u0101 veid\u0101 tiek apkopoti un izmantoti J\u016bsu personas dati.<\/span><\/p>\n<p><span style=\"font-size: 14pt;\">Priv\u0101tuma noteikumi attiec\u012bb\u0101 uz personas datu aizsardz\u012bbu pamatojas uz 2016. gada 27. apr\u012b\u013ca Eiropas Parlamenta un Padomes Regulu (ES) Nr. 2016\/679 (turpm\u0101k tekst\u0101 \u2013 Regula).<\/span><\/p><div class=\"2e6ae01b4f90ae739e66a2cc7f5e8528\" data-index=\"1\" style=\"float: none; margin:10px 0 10px 0; text-align:center;\">\n <script async src=\"https:\/\/pagead2.googlesyndication.com\/pagead\/js\/adsbygoogle.js?client=ca-pub-8775106392232080\"\r\n     crossorigin=\"anonymous\"><\/script>\r\n<!-- Baltic course LV aug\u0161a -->\r\n<ins class=\"adsbygoogle\"\r\n     style=\"display:block\"\r\n     data-ad-client=\"ca-pub-8775106392232080\"\r\n     data-ad-slot=\"4540934099\"\r\n     data-ad-format=\"auto\"\r\n     data-full-width-responsive=\"true\"><\/ins>\r\n<script>\r\n     (adsbygoogle = window.adsbygoogle || []).push({});\r\n<\/script>\n<\/div>\n\n<p>&nbsp;<\/p>\n<p><span style=\"font-size: 14pt;\"><strong>K\u0101p\u0113c tiek apkopoti, glab\u0101ti un asptr\u0101d\u0101ti J\u016bsu dati?<\/strong><\/span><\/p>\n<p><span style=\"font-size: 14pt;\">Lai ieg\u016btu statistikas datus par m\u0101jas lapas apmekl\u0113jumu skaitu, lai sniegtu pakalpojumus un lai nodro\u0161in\u0101tu klientu apkalpo\u0161anu. <em>\u0160ajos statistikas datos netiek identific\u0113ta persona.<\/em><\/span><\/p>\n<p><span style=\"font-size: 14pt;\">Ieg\u016btie dati tiek izmantot tikai augst\u0101k min\u0113to uzdevumu izpildei, J\u016bsu dati netiek nodoti tre\u0161aj\u0101m person\u0101m, ja vien J\u016bs neesat devis tam piekris\u0161anu, kuras m\u0113r\u0137is ir papildus pakalpojumu nodro\u0161in\u0101\u0161ana.<\/span><\/p>\n<p>&nbsp;<\/p>\n<p><span style=\"font-size: 14pt;\"><strong>K\u0101dus datus m\u0113s apkopojam?<\/strong><\/span><\/p>\n<p><span style=\"font-size: 14pt;\">Caur koment\u0113\u0161anas formu tiek ieg\u016bti sekojo\u0161i dati: autora v\u0101rds un e-pasts. Inform\u0101cija netiek izmantota vai nodota tre\u0161\u0101m person\u0101m. T\u0101 tiek izmantota lai veicin\u0101tu cie\u0146pilnu un draudz\u012bgu vidi visiem lietot\u0101jiem un aiz slepen\u012bbas priek\u0161skara netiktu public\u0113ta personas godu un cie\u0146u aizskaro\u0161u, draudo\u0161a, apmelojo\u0161a, zaimojo\u0161a inform\u0101cija, kas musin\u0101t uz rasu vai etnisko neieciet\u012bbu.<\/span><\/p>\n<p>&nbsp;<\/p>\n<p><span style=\"font-size: 14pt;\"><strong>S\u012bkdat\u0146u noteikumi<\/strong><\/span><\/p>\n<p><span style=\"font-size: 14pt;\">Lai \u0161\u012b t\u012bmek\u013ca vietne pien\u0101c\u012bgi darbotos, m\u0113s j\u016bsu ier\u012bc\u0113 izvietojam s\u012bkdatnes (<em>cookies<\/em>). Turpiniet las\u012bt un j\u016bs noskaidrosiet, kas ir s\u012bkdatnes un k\u0101diem m\u0113r\u0137iem t\u0101s tiek izmantotas.<\/span><\/p>\n<p>&nbsp;<\/p>\n<p><span style=\"font-size: 14pt;\"><strong>Kas ir s\u012bkdatnes (angliski\u00a0<em>cookies<\/em>)?<\/strong><\/span><\/p>\n<p><span style=\"font-size: 14pt;\">S\u012bkdatne ir neliela teksta datne, kas tiek nos\u016bt\u012bta uz J\u016bsu datoru vai mobilo iek\u0101rtu t\u012bmek\u013ca vietnes apmekl\u0113\u0161an\u0101s laik\u0101 un ko t\u012bmek\u013ca vietne saglab\u0101 j\u016bsu dator\u0101 vai mobilaj\u0101 ier\u012bc\u0113, kad j\u016bs atverat vietni. Katr\u0101 turpm\u0101kaj\u0101 apmekl\u0113juma reiz\u0113 s\u012bkdatnes tiek nos\u016bt\u012btas atpaka\u013c uz izcelsmes m\u0101jas lapu vai uz citu m\u0101jas lapu, kas atpaz\u012bst \u0161o s\u012bkdatni. S\u012bkdatnes darbojas k\u0101 konkr\u0113tas m\u0101jas lapas atmi\u0146a, \u013caujot \u0161ai lapai atcer\u0113ties J\u016bsu datoru n\u0101kamaj\u0101s apmekl\u0113juma reiz\u0113s, tai skait\u0101 s\u012bkdatnes var atcer\u0113ties J\u016bsu iest\u0101d\u012bjumus vai uzlabot lietot\u0101ja \u0113rt\u012bbas. Papildu inform\u0101ciju par s\u012bkdatn\u0113m, k\u0101 ar\u012b k\u0101 t\u0101s iesp\u0113jams p\u0101rvald\u012bt vai izdz\u0113st, varat ieg\u016bt m\u0101jaslap\u0101 www.aboutcookies.org .<\/span><\/p>\n<p>&nbsp;<\/p>\n<p><span style=\"font-size: 14pt;\"><strong>K\u0101p\u0113c tiek izmantotas s\u012bkdatnes?<\/strong><\/span><\/p>\n<p><span style=\"font-size: 14pt;\">S\u012bkdatnes tiek izmantotas, lai:<\/span><\/p>\n<ul>\n<li><span style=\"font-size: 14pt;\">Atcer\u0113tos j\u016bsu ekr\u0101na iestat\u012bjumus (piem\u0113ram, valodu, fontu lielumu u.c.);<\/span><\/li>\n<li><span style=\"font-size: 14pt;\">Ieg\u016btu statistikas datus (piem\u0113ram, k\u0101 j\u016bs \u0161eit nok\u013cuv\u0101t, apmekl\u0113t\u0101ju skaitu, pavad\u012bto laiku u.c.) ar m\u0113r\u0137i uzlabot un optimiz\u0113t m\u0101jas lapas darb\u012bbu;<\/span><\/li>\n<li><span style=\"font-size: 14pt;\">Nodro\u0161in\u0101tu j\u016bsu vajadz\u012bb\u0101m piem\u0113rotas rekl\u0101mas par\u0101d\u012b\u0161anu cit\u0101s t\u012bmek\u013ca vietn\u0113s.<\/span><\/li>\n<\/ul>\n<p>&nbsp;<\/p>\n<p><span style=\"font-size: 14pt;\"><strong>S\u012bkdat\u0146u veidi<\/strong><\/span><\/p>\n<p><em><span style=\"font-size: 14pt;\"><strong>Funkcion\u0101l\u0101s s\u012bkdatnes (pirm\u0101s puses s\u012bkdatnes)<\/strong><\/span><\/em><\/p>\n<p><span style=\"font-size: 14pt;\">S\u012bkdatnes ir nepiecie\u0161amas, lai m\u0101jas lapa sp\u0113tu pild\u012bt savas funkcijas un neaizmirstu j\u016bs ikreiz, kad tiek veikta jauna darb\u012bba, piem\u0113ram, valodas iestat\u012bjumus, ievad\u012bto tekstu vai atverot vietni no jauna, t\u0101 sp\u0113tu iel\u0101d\u0113t saturu \u0101tr\u0101k, nek\u0101 pirmaj\u0101 atv\u0113r\u0161anas reiz\u0113.<\/span><\/p>\n<p>&nbsp;<\/p>\n<p><em><span style=\"font-size: 14pt;\"><strong>Anal\u012btikas un rekl\u0101mas s\u012bkdatnes (tre\u0161\u0101s puses s\u012bkdatnes)<\/strong><\/span><\/em><\/p>\n<p><span style=\"font-size: 14pt;\">Vietn\u0113 tiek izmantotas anal\u012btikas programmas &#8211; Google Analytics. \u0160\u012bs programmas izmanto s\u012bkdatnes, dodot iesp\u0113ju mums, k\u0101 vientnes uztur\u0113t\u0101jam analiz\u0113t, k\u0101du saturu vietn\u0113 izmanto visbie\u017e\u0101k, caur k\u0101du mekl\u0113t\u0101ju lietot\u0101js ir non\u0101cis un k\u0101 sp\u0113j orient\u0113ties vietn\u0113. Iegut\u0101 inform\u0101cija tiek izmantota ar m\u0113r\u0137i veikt attiec\u012bgus vietnes uzlabojumus, lai padar\u012btu \u0113rt\u0101ku navig\u0101ciju un lietot\u0101ja interes\u0113m atbilsto\u0161\u0101ku vietnes saturu.<\/span><\/p>\n<p><span style=\"font-size: 14pt;\">Papildus vient\u0113 var tikt izmantoti t\u0101di servisi, k\u0101 Google Adwords ar m\u0113r\u0137i nodor\u0161in\u0101t lietot\u0101ja v\u0113lm\u0113m atbilsto\u0161u rekl\u0101mu. Youtube, lai nodro\u0161in\u0101tu vietn\u0113 video saturu vai saites uz cit\u0101m m\u0101jas lap\u0101m. Facebook, Instagram, draugiem.lv, LinkedIn, lai pied\u0101v\u0101tu iesp\u0113ju apskat\u012bt saturu no \u0161iem soci\u0101lajiem kontiem vai dal\u012bties ar m\u0101jas lapas saturu tajos. Visi \u0161ie servisi izmanto s\u012bkdatnes, lai ieg\u016btu statistikas datus un noskaidrotu, k\u0101das ir popul\u0101r\u0101k\u0101s mekl\u0113\u0161anas tendences. \u0160\u012bs tre\u0161o pu\u0161u s\u012bkdatnes ir \u0101rpus m\u016bsu kontroles.<\/span><\/p>\n<p><span style=\"font-size: 14pt;\">S\u012bkdatnes tiek saglab\u0101tas j\u016bsu ier\u012bc\u0113 uz laiku vai l\u012bdz br\u012bdim, kad t\u0101s manu\u0101li izdz\u0113s\u012bsiet.<\/span><\/p>\n<p><span style=\"font-size: 14pt;\">Ja v\u0113laties, jums ir iep\u0113ja s\u012bkdatnes kontrol\u0113t vai izdz\u0113st no ier\u012bces. Jums ir iesp\u0113ja atsl\u0113gt s\u012bkdat\u0146u izmanto\u0161anu savas p\u0101rl\u016bkprogrammas iestat\u012bjumos. Ta\u010du \u0146emiet v\u0113r\u0101, ka da\u017ei pakalpojumi un vietnes funkcijas var nedarboties.<\/span><\/p>\n<p><span style=\"font-size: 14pt;\">Ar s\u012bkdatn\u0113m saist\u012bt\u0101 inform\u0101cija\u00a0<strong>netiek izmantota, lai j\u016bs personiski identific\u0113tu<\/strong>. \u0160\u012bs s\u012bkdatnes tiek izmantotas tikai un vien\u012bgi tam m\u0113r\u0137im, kas nor\u0101d\u012bti \u0161ajos noteikumos.<\/span><\/p>\n<p><span style=\"font-size: 14pt;\">Vair\u0101k par s\u012bkdatn\u0113m lasiet \u0161eit: \u00a0<a href=\"\/\/www.aboutcookies.org\/\">www.aboutcookies.org<\/a><\/span><\/p>\n\n<div style=\"font-size: 0px; height: 0px; line-height: 0px; margin: 0; padding: 0; clear: both;\"><\/div>","protected":false},"excerpt":{"rendered":"<p>\u0160aj\u0101 priv\u0101tuma noteikumos ir aprakst\u012bta k\u0101rt\u012bba, k\u0101d\u0101 port\u0101ls apstr\u0101d\u0101 personas datus, un k\u0101d\u0101 veid\u0101 tiek apkopoti un izmantoti J\u016bsu personas dati. Priv\u0101tuma noteikumi attiec\u012bb\u0101 uz personas datu aizsardz\u012bbu pamatojas uz 2016. gada 27. apr\u012b\u013ca Eiropas Parlamenta un Padomes Regulu (ES) Nr. 2016\/679 (turpm\u0101k tekst\u0101 \u2013 Regula). &nbsp; K\u0101p\u0113c tiek apkopoti, glab\u0101ti un asptr\u0101d\u0101ti J\u016bsu dati? Lai ieg\u016btu statistikas datus par m\u0101jas lapas apmekl\u0113jumu skaitu, lai sniegtu pakalpojumus un lai nodro\u0161in\u0101tu klientu apkalpo\u0161anu. \u0160ajos statistikas datos&#8230;<\/p>\n","protected":false},"author":52,"featured_media":0,"parent":0,"menu_order":0,"comment_status":"closed","ping_status":"closed","template":"","meta":{"_monsterinsights_skip_tracking":false,"_monsterinsights_sitenote_active":false,"_monsterinsights_sitenote_note":"","_monsterinsights_sitenote_category":0,"_uf_show_specific_survey":0,"_uf_disable_surveys":false,"footnotes":"","_links_to":"","_links_to_target":""},"class_list":["post-70269","page","type-page","status-publish","hentry"],"yoast_head":"<!-- This site is optimized with the Yoast SEO plugin v27.4 - https:\/\/yoast.com\/product\/yoast-seo-wordpress\/ -->\n<title>Priv\u0101tums - Baltic Course<\/title>\n<meta name=\"robots\" content=\"index, follow, max-snippet:-1, max-image-preview:large, max-video-preview:-1\" \/>\n<link rel=\"canonical\" href=\"https:\/\/www.baltic-course.com\/lv\/privatuma-noteikumi\" \/>\n<meta property=\"og:locale\" content=\"en_GB\" \/>\n<meta property=\"og:type\" content=\"article\" \/>\n<meta property=\"og:title\" content=\"Priv\u0101tums - Baltic Course\" \/>\n<meta property=\"og:description\" content=\"\u0160aj\u0101 priv\u0101tuma noteikumos ir aprakst\u012bta k\u0101rt\u012bba, k\u0101d\u0101 port\u0101ls apstr\u0101d\u0101 personas datus, un k\u0101d\u0101 veid\u0101 tiek apkopoti un izmantoti J\u016bsu personas dati. Priv\u0101tuma noteikumi attiec\u012bb\u0101 uz personas datu aizsardz\u012bbu pamatojas uz 2016. gada 27. apr\u012b\u013ca Eiropas Parlamenta un Padomes Regulu (ES) Nr. 2016\/679 (turpm\u0101k tekst\u0101 \u2013 Regula). &nbsp; K\u0101p\u0113c tiek apkopoti, glab\u0101ti un asptr\u0101d\u0101ti J\u016bsu dati? Lai ieg\u016btu statistikas datus par m\u0101jas lapas apmekl\u0113jumu skaitu, lai sniegtu pakalpojumus un lai nodro\u0161in\u0101tu klientu apkalpo\u0161anu. \u0160ajos statistikas datos...\" \/>\n<meta property=\"og:url\" content=\"https:\/\/www.baltic-course.com\/lv\/privatuma-noteikumi\" \/>\n<meta property=\"og:site_name\" content=\"Baltic Course\" \/>\n<meta name=\"twitter:card\" content=\"summary_large_image\" \/>\n<meta name=\"twitter:label1\" content=\"Estimated reading time\" \/>\n\t<meta name=\"twitter:data1\" content=\"4 minutes\" \/>\n<script type=\"application\/ld+json\" class=\"yoast-schema-graph\">{\"@context\":\"https:\\\/\\\/schema.org\",\"@graph\":[{\"@type\":\"WebPage\",\"@id\":\"https:\\\/\\\/www.baltic-course.com\\\/lv\\\/privatuma-noteikumi\",\"url\":\"https:\\\/\\\/www.baltic-course.com\\\/lv\\\/privatuma-noteikumi\",\"name\":\"Priv\u0101tums - Baltic Course\",\"isPartOf\":{\"@id\":\"https:\\\/\\\/baltic-course.com\\\/lv\\\/#website\"},\"datePublished\":\"2018-06-16T16:31:25+00:00\",\"breadcrumb\":{\"@id\":\"https:\\\/\\\/www.baltic-course.com\\\/lv\\\/privatuma-noteikumi#breadcrumb\"},\"inLanguage\":\"en-GB\",\"potentialAction\":[{\"@type\":\"ReadAction\",\"target\":[\"https:\\\/\\\/www.baltic-course.com\\\/lv\\\/privatuma-noteikumi\"]}]},{\"@type\":\"BreadcrumbList\",\"@id\":\"https:\\\/\\\/www.baltic-course.com\\\/lv\\\/privatuma-noteikumi#breadcrumb\",\"itemListElement\":[{\"@type\":\"ListItem\",\"position\":1,\"name\":\"Home\",\"item\":\"https:\\\/\\\/baltic-course.com\\\/lv\\\/\"},{\"@type\":\"ListItem\",\"position\":2,\"name\":\"Priv\u0101tums\"}]},{\"@type\":\"WebSite\",\"@id\":\"https:\\\/\\\/baltic-course.com\\\/lv\\\/#website\",\"url\":\"https:\\\/\\\/baltic-course.com\\\/lv\\\/\",\"name\":\"Baltic Course\",\"description\":\"Notikumi, izklaide un padomi\",\"publisher\":{\"@id\":\"https:\\\/\\\/baltic-course.com\\\/lv\\\/#organization\"},\"potentialAction\":[{\"@type\":\"SearchAction\",\"target\":{\"@type\":\"EntryPoint\",\"urlTemplate\":\"https:\\\/\\\/baltic-course.com\\\/lv\\\/?s={search_term_string}\"},\"query-input\":{\"@type\":\"PropertyValueSpecification\",\"valueRequired\":true,\"valueName\":\"search_term_string\"}}],\"inLanguage\":\"en-GB\"},{\"@type\":\"Organization\",\"@id\":\"https:\\\/\\\/baltic-course.com\\\/lv\\\/#organization\",\"name\":\"Baltic Course\",\"url\":\"https:\\\/\\\/baltic-course.com\\\/lv\\\/\",\"logo\":{\"@type\":\"ImageObject\",\"inLanguage\":\"en-GB\",\"@id\":\"https:\\\/\\\/baltic-course.com\\\/lv\\\/#\\\/schema\\\/logo\\\/image\\\/\",\"url\":\"https:\\\/\\\/www.baltic-course.com\\\/lv\\\/wp-content\\\/uploads\\\/2023\\\/11\\\/cropped-baltic-course-3.jpg\",\"contentUrl\":\"https:\\\/\\\/www.baltic-course.com\\\/lv\\\/wp-content\\\/uploads\\\/2023\\\/11\\\/cropped-baltic-course-3.jpg\",\"width\":810,\"height\":151,\"caption\":\"Baltic Course\"},\"image\":{\"@id\":\"https:\\\/\\\/baltic-course.com\\\/lv\\\/#\\\/schema\\\/logo\\\/image\\\/\"}}]}<\/script>\n<!-- \/ Yoast SEO plugin. -->","yoast_head_json":{"title":"Priv\u0101tums - Baltic Course","robots":{"index":"index","follow":"follow","max-snippet":"max-snippet:-1","max-image-preview":"max-image-preview:large","max-video-preview":"max-video-preview:-1"},"canonical":"https:\/\/www.baltic-course.com\/lv\/privatuma-noteikumi","og_locale":"en_GB","og_type":"article","og_title":"Priv\u0101tums - Baltic Course","og_description":"\u0160aj\u0101 priv\u0101tuma noteikumos ir aprakst\u012bta k\u0101rt\u012bba, k\u0101d\u0101 port\u0101ls apstr\u0101d\u0101 personas datus, un k\u0101d\u0101 veid\u0101 tiek apkopoti un izmantoti J\u016bsu personas dati. Priv\u0101tuma noteikumi attiec\u012bb\u0101 uz personas datu aizsardz\u012bbu pamatojas uz 2016. gada 27. apr\u012b\u013ca Eiropas Parlamenta un Padomes Regulu (ES) Nr. 2016\/679 (turpm\u0101k tekst\u0101 \u2013 Regula). &nbsp; K\u0101p\u0113c tiek apkopoti, glab\u0101ti un asptr\u0101d\u0101ti J\u016bsu dati? Lai ieg\u016btu statistikas datus par m\u0101jas lapas apmekl\u0113jumu skaitu, lai sniegtu pakalpojumus un lai nodro\u0161in\u0101tu klientu apkalpo\u0161anu. \u0160ajos statistikas datos...","og_url":"https:\/\/www.baltic-course.com\/lv\/privatuma-noteikumi","og_site_name":"Baltic Course","twitter_card":"summary_large_image","twitter_misc":{"Estimated reading time":"4 minutes"},"schema":{"@context":"https:\/\/schema.org","@graph":[{"@type":"WebPage","@id":"https:\/\/www.baltic-course.com\/lv\/privatuma-noteikumi","url":"https:\/\/www.baltic-course.com\/lv\/privatuma-noteikumi","name":"Priv\u0101tums - Baltic Course","isPartOf":{"@id":"https:\/\/baltic-course.com\/lv\/#website"},"datePublished":"2018-06-16T16:31:25+00:00","breadcrumb":{"@id":"https:\/\/www.baltic-course.com\/lv\/privatuma-noteikumi#breadcrumb"},"inLanguage":"en-GB","potentialAction":[{"@type":"ReadAction","target":["https:\/\/www.baltic-course.com\/lv\/privatuma-noteikumi"]}]},{"@type":"BreadcrumbList","@id":"https:\/\/www.baltic-course.com\/lv\/privatuma-noteikumi#breadcrumb","itemListElement":[{"@type":"ListItem","position":1,"name":"Home","item":"https:\/\/baltic-course.com\/lv\/"},{"@type":"ListItem","position":2,"name":"Priv\u0101tums"}]},{"@type":"WebSite","@id":"https:\/\/baltic-course.com\/lv\/#website","url":"https:\/\/baltic-course.com\/lv\/","name":"Baltic Course","description":"Notikumi, izklaide un padomi","publisher":{"@id":"https:\/\/baltic-course.com\/lv\/#organization"},"potentialAction":[{"@type":"SearchAction","target":{"@type":"EntryPoint","urlTemplate":"https:\/\/baltic-course.com\/lv\/?s={search_term_string}"},"query-input":{"@type":"PropertyValueSpecification","valueRequired":true,"valueName":"search_term_string"}}],"inLanguage":"en-GB"},{"@type":"Organization","@id":"https:\/\/baltic-course.com\/lv\/#organization","name":"Baltic Course","url":"https:\/\/baltic-course.com\/lv\/","logo":{"@type":"ImageObject","inLanguage":"en-GB","@id":"https:\/\/baltic-course.com\/lv\/#\/schema\/logo\/image\/","url":"https:\/\/www.baltic-course.com\/lv\/wp-content\/uploads\/2023\/11\/cropped-baltic-course-3.jpg","contentUrl":"https:\/\/www.baltic-course.com\/lv\/wp-content\/uploads\/2023\/11\/cropped-baltic-course-3.jpg","width":810,"height":151,"caption":"Baltic Course"},"image":{"@id":"https:\/\/baltic-course.com\/lv\/#\/schema\/logo\/image\/"}}]}},"_links":{"self":[{"href":"https:\/\/www.baltic-course.com\/lv\/wp-json\/wp\/v2\/pages\/70269","targetHints":{"allow":["GET"]}}],"collection":[{"href":"https:\/\/www.baltic-course.com\/lv\/wp-json\/wp\/v2\/pages"}],"about":[{"href":"https:\/\/www.baltic-course.com\/lv\/wp-json\/wp\/v2\/types\/page"}],"author":[{"embeddable":true,"href":"https:\/\/www.baltic-course.com\/lv\/wp-json\/wp\/v2\/users\/52"}],"replies":[{"embeddable":true,"href":"https:\/\/www.baltic-course.com\/lv\/wp-json\/wp\/v2\/comments?post=70269"}],"version-history":[{"count":0,"href":"https:\/\/www.baltic-course.com\/lv\/wp-json\/wp\/v2\/pages\/70269\/revisions"}],"wp:attachment":[{"href":"https:\/\/www.baltic-course.com\/lv\/wp-json\/wp\/v2\/media?parent=70269"}],"curies":[{"name":"wp","href":"https:\/\/api.w.org\/{rel}","templated":true}]}}