{"id":70268,"date":"2018-03-20T11:13:35","date_gmt":"2018-03-20T09:13:35","guid":{"rendered":"https:\/\/autobraucejiem.lv\/?page_id=44812"},"modified":"2024-10-13T16:41:55","modified_gmt":"2024-10-13T13:41:55","slug":"home","status":"publish","type":"page","link":"https:\/\/www.baltic-course.com\/lv\/","title":{"rendered":"S\u0101kums"},"content":{"rendered":"<div class=\"2e6ae01b4f90ae739e66a2cc7f5e8528\" data-index=\"3\" style=\"float: none; margin:10px 0 10px 0; text-align:center;\">\n \r\n\r\n\r\n<script async src=\"https:\/\/pagead2.googlesyndication.com\/pagead\/js\/adsbygoogle.js?client=ca-pub-8775106392232080\"\r\n     crossorigin=\"anonymous\"><\/script>\r\n<!-- BalticCourse apak\u0161a -->\r\n<ins class=\"adsbygoogle\"\r\n     style=\"display:block\"\r\n     data-ad-client=\"ca-pub-8775106392232080\"\r\n     data-ad-slot=\"2115868424\"\r\n     data-ad-format=\"auto\"\r\n     data-full-width-responsive=\"true\"><\/ins>\r\n<script>\r\n     (adsbygoogle = window.adsbygoogle || []).push({});\r\n<\/script>\n<\/div>\n\n<div style=\"font-size: 0px; height: 0px; line-height: 0px; margin: 0; padding: 0; clear: both;\"><\/div>","protected":false},"excerpt":{"rendered":"","protected":false},"author":52,"featured_media":0,"parent":0,"menu_order":0,"comment_status":"closed","ping_status":"closed","template":"","meta":{"_monsterinsights_skip_tracking":false,"_monsterinsights_sitenote_active":false,"_monsterinsights_sitenote_note":"","_monsterinsights_sitenote_category":0,"_uf_show_specific_survey":0,"_uf_disable_surveys":false,"footnotes":"","_links_to":"","_links_to_target":""},"class_list":["post-70268","page","type-page","status-publish","hentry"],"yoast_head":"<!-- This site is optimized with the Yoast SEO plugin v27.3 - https:\/\/yoast.com\/product\/yoast-seo-wordpress\/ -->\n<title>Baltic Course - zi\u0146u port\u0101ls<\/title>\n<meta name=\"description\" content=\"Zi\u0146as, notikumi, padomi un dz\u012bvesstils\" \/>\n<meta name=\"robots\" content=\"index, follow, max-snippet:-1, max-image-preview:large, max-video-preview:-1\" \/>\n<link rel=\"canonical\" href=\"https:\/\/baltic-course.com\/lv\/\" \/>\n<meta property=\"og:locale\" content=\"en_GB\" \/>\n<meta property=\"og:type\" content=\"article\" \/>\n<meta property=\"og:title\" content=\"Baltic Course - zi\u0146u port\u0101ls\" \/>\n<meta property=\"og:description\" content=\"Zi\u0146as, notikumi, padomi un dz\u012bvesstils\" \/>\n<meta property=\"og:url\" content=\"https:\/\/baltic-course.com\/lv\/\" \/>\n<meta property=\"og:site_name\" content=\"Baltic Course\" \/>\n<meta property=\"article:modified_time\" content=\"2024-10-13T13:41:55+00:00\" \/>\n<meta name=\"twitter:card\" content=\"summary_large_image\" \/>\n<script type=\"application\/ld+json\" class=\"yoast-schema-graph\">{\"@context\":\"https:\\\/\\\/schema.org\",\"@graph\":[{\"@type\":\"WebPage\",\"@id\":\"https:\\\/\\\/baltic-course.com\\\/lv\\\/\",\"url\":\"https:\\\/\\\/baltic-course.com\\\/lv\\\/\",\"name\":\"Baltic Course - zi\u0146u port\u0101ls\",\"isPartOf\":{\"@id\":\"https:\\\/\\\/baltic-course.com\\\/lv\\\/#website\"},\"datePublished\":\"2018-03-20T09:13:35+00:00\",\"dateModified\":\"2024-10-13T13:41:55+00:00\",\"description\":\"Zi\u0146as, notikumi, padomi un dz\u012bvesstils\",\"breadcrumb\":{\"@id\":\"https:\\\/\\\/baltic-course.com\\\/lv\\\/#breadcrumb\"},\"inLanguage\":\"en-GB\",\"potentialAction\":[{\"@type\":\"ReadAction\",\"target\":[\"https:\\\/\\\/baltic-course.com\\\/lv\\\/\"]}]},{\"@type\":\"BreadcrumbList\",\"@id\":\"https:\\\/\\\/baltic-course.com\\\/lv\\\/#breadcrumb\",\"itemListElement\":[{\"@type\":\"ListItem\",\"position\":1,\"name\":\"Home\",\"item\":\"https:\\\/\\\/baltic-course.com\\\/lv\\\/\"},{\"@type\":\"ListItem\",\"position\":2,\"name\":\"S\u0101kums\"}]},{\"@type\":\"WebSite\",\"@id\":\"https:\\\/\\\/baltic-course.com\\\/lv\\\/#website\",\"url\":\"https:\\\/\\\/baltic-course.com\\\/lv\\\/\",\"name\":\"Baltic Course\",\"description\":\"Notikumi, izklaide un padomi\",\"publisher\":{\"@id\":\"https:\\\/\\\/baltic-course.com\\\/lv\\\/#organization\"},\"potentialAction\":[{\"@type\":\"SearchAction\",\"target\":{\"@type\":\"EntryPoint\",\"urlTemplate\":\"https:\\\/\\\/baltic-course.com\\\/lv\\\/?s={search_term_string}\"},\"query-input\":{\"@type\":\"PropertyValueSpecification\",\"valueRequired\":true,\"valueName\":\"search_term_string\"}}],\"inLanguage\":\"en-GB\"},{\"@type\":\"Organization\",\"@id\":\"https:\\\/\\\/baltic-course.com\\\/lv\\\/#organization\",\"name\":\"Baltic Course\",\"url\":\"https:\\\/\\\/baltic-course.com\\\/lv\\\/\",\"logo\":{\"@type\":\"ImageObject\",\"inLanguage\":\"en-GB\",\"@id\":\"https:\\\/\\\/baltic-course.com\\\/lv\\\/#\\\/schema\\\/logo\\\/image\\\/\",\"url\":\"https:\\\/\\\/www.baltic-course.com\\\/lv\\\/wp-content\\\/uploads\\\/2023\\\/11\\\/cropped-baltic-course-3.jpg\",\"contentUrl\":\"https:\\\/\\\/www.baltic-course.com\\\/lv\\\/wp-content\\\/uploads\\\/2023\\\/11\\\/cropped-baltic-course-3.jpg\",\"width\":810,\"height\":151,\"caption\":\"Baltic Course\"},\"image\":{\"@id\":\"https:\\\/\\\/baltic-course.com\\\/lv\\\/#\\\/schema\\\/logo\\\/image\\\/\"}}]}<\/script>\n<!-- \/ Yoast SEO plugin. -->","yoast_head_json":{"title":"Baltic Course - zi\u0146u port\u0101ls","description":"Zi\u0146as, notikumi, padomi un dz\u012bvesstils","robots":{"index":"index","follow":"follow","max-snippet":"max-snippet:-1","max-image-preview":"max-image-preview:large","max-video-preview":"max-video-preview:-1"},"canonical":"https:\/\/baltic-course.com\/lv\/","og_locale":"en_GB","og_type":"article","og_title":"Baltic Course - zi\u0146u port\u0101ls","og_description":"Zi\u0146as, notikumi, padomi un dz\u012bvesstils","og_url":"https:\/\/baltic-course.com\/lv\/","og_site_name":"Baltic Course","article_modified_time":"2024-10-13T13:41:55+00:00","twitter_card":"summary_large_image","schema":{"@context":"https:\/\/schema.org","@graph":[{"@type":"WebPage","@id":"https:\/\/baltic-course.com\/lv\/","url":"https:\/\/baltic-course.com\/lv\/","name":"Baltic Course - zi\u0146u port\u0101ls","isPartOf":{"@id":"https:\/\/baltic-course.com\/lv\/#website"},"datePublished":"2018-03-20T09:13:35+00:00","dateModified":"2024-10-13T13:41:55+00:00","description":"Zi\u0146as, notikumi, padomi un dz\u012bvesstils","breadcrumb":{"@id":"https:\/\/baltic-course.com\/lv\/#breadcrumb"},"inLanguage":"en-GB","potentialAction":[{"@type":"ReadAction","target":["https:\/\/baltic-course.com\/lv\/"]}]},{"@type":"BreadcrumbList","@id":"https:\/\/baltic-course.com\/lv\/#breadcrumb","itemListElement":[{"@type":"ListItem","position":1,"name":"Home","item":"https:\/\/baltic-course.com\/lv\/"},{"@type":"ListItem","position":2,"name":"S\u0101kums"}]},{"@type":"WebSite","@id":"https:\/\/baltic-course.com\/lv\/#website","url":"https:\/\/baltic-course.com\/lv\/","name":"Baltic Course","description":"Notikumi, izklaide un padomi","publisher":{"@id":"https:\/\/baltic-course.com\/lv\/#organization"},"potentialAction":[{"@type":"SearchAction","target":{"@type":"EntryPoint","urlTemplate":"https:\/\/baltic-course.com\/lv\/?s={search_term_string}"},"query-input":{"@type":"PropertyValueSpecification","valueRequired":true,"valueName":"search_term_string"}}],"inLanguage":"en-GB"},{"@type":"Organization","@id":"https:\/\/baltic-course.com\/lv\/#organization","name":"Baltic Course","url":"https:\/\/baltic-course.com\/lv\/","logo":{"@type":"ImageObject","inLanguage":"en-GB","@id":"https:\/\/baltic-course.com\/lv\/#\/schema\/logo\/image\/","url":"https:\/\/www.baltic-course.com\/lv\/wp-content\/uploads\/2023\/11\/cropped-baltic-course-3.jpg","contentUrl":"https:\/\/www.baltic-course.com\/lv\/wp-content\/uploads\/2023\/11\/cropped-baltic-course-3.jpg","width":810,"height":151,"caption":"Baltic Course"},"image":{"@id":"https:\/\/baltic-course.com\/lv\/#\/schema\/logo\/image\/"}}]}},"_links":{"self":[{"href":"https:\/\/www.baltic-course.com\/lv\/wp-json\/wp\/v2\/pages\/70268","targetHints":{"allow":["GET"]}}],"collection":[{"href":"https:\/\/www.baltic-course.com\/lv\/wp-json\/wp\/v2\/pages"}],"about":[{"href":"https:\/\/www.baltic-course.com\/lv\/wp-json\/wp\/v2\/types\/page"}],"author":[{"embeddable":true,"href":"https:\/\/www.baltic-course.com\/lv\/wp-json\/wp\/v2\/users\/52"}],"replies":[{"embeddable":true,"href":"https:\/\/www.baltic-course.com\/lv\/wp-json\/wp\/v2\/comments?post=70268"}],"version-history":[{"count":2,"href":"https:\/\/www.baltic-course.com\/lv\/wp-json\/wp\/v2\/pages\/70268\/revisions"}],"predecessor-version":[{"id":103429,"href":"https:\/\/www.baltic-course.com\/lv\/wp-json\/wp\/v2\/pages\/70268\/revisions\/103429"}],"wp:attachment":[{"href":"https:\/\/www.baltic-course.com\/lv\/wp-json\/wp\/v2\/media?parent=70268"}],"curies":[{"name":"wp","href":"https:\/\/api.w.org\/{rel}","templated":true}]}}